{"id":266,"date":"2023-09-12T16:58:54","date_gmt":"2023-09-12T19:58:54","guid":{"rendered":"https:\/\/www.termocool.cl\/?post_type=product&#038;p=266"},"modified":"2023-11-15T15:18:46","modified_gmt":"2023-11-15T18:18:46","slug":"multi-split-samsung-wind-free-inverter-9-000-12-000-btu-aj050txj2kh-ea","status":"publish","type":"product","link":"https:\/\/www.termocool.cl\/index.php\/producto\/multi-split-samsung-wind-free-inverter-9-000-12-000-btu-aj050txj2kh-ea\/","title":{"rendered":"Multi-Split Samsung Wind-Free Inverter 9.000 +12.000 Btu (AJ050TXJ2KH\/EA)"},"content":{"rendered":"","protected":false},"excerpt":{"rendered":"<p>Los silenciosos sistemas Multi Split de Samsung Wind Free presentan una eficiencia energ\u00e9tica sin igual. Dispersa el aire de manera gentil y silenciosa a trav\u00e9s de 23.000 microagujeros. Este sistema est\u00e1 perfectamente optimizado para residencias y edificios m\u00e1s peque\u00f1os. M\u00faltiples combinaciones para cada necesidad. WiFi Opcional. Kit de ca\u00f1er\u00edas y cables de conexi\u00f3n el\u00e9ctrica no incluido.<\/p>\n","protected":false},"featured_media":271,"template":"","meta":[],"product_cat":[65],"product_tag":[],"class_list":{"0":"post-266","1":"product","2":"type-product","3":"status-publish","4":"has-post-thumbnail","6":"product_cat-multi","8":"first","9":"instock","10":"shipping-taxable","11":"purchasable","12":"product-type-simple"},"_links":{"self":[{"href":"https:\/\/www.termocool.cl\/index.php\/wp-json\/wp\/v2\/product\/266","targetHints":{"allow":["GET"]}}],"collection":[{"href":"https:\/\/www.termocool.cl\/index.php\/wp-json\/wp\/v2\/product"}],"about":[{"href":"https:\/\/www.termocool.cl\/index.php\/wp-json\/wp\/v2\/types\/product"}],"wp:featuredmedia":[{"embeddable":true,"href":"https:\/\/www.termocool.cl\/index.php\/wp-json\/wp\/v2\/media\/271"}],"wp:attachment":[{"href":"https:\/\/www.termocool.cl\/index.php\/wp-json\/wp\/v2\/media?parent=266"}],"wp:term":[{"taxonomy":"product_cat","embeddable":true,"href":"https:\/\/www.termocool.cl\/index.php\/wp-json\/wp\/v2\/product_cat?post=266"},{"taxonomy":"product_tag","embeddable":true,"href":"https:\/\/www.termocool.cl\/index.php\/wp-json\/wp\/v2\/product_tag?post=266"}],"curies":[{"name":"wp","href":"https:\/\/api.w.org\/{rel}","templated":true}]}}