{"id":255,"date":"2023-01-17T09:52:19","date_gmt":"2023-01-17T12:52:19","guid":{"rendered":"https:\/\/www.termocool.cl\/?post_type=product&#038;p=255"},"modified":"2023-01-17T09:53:13","modified_gmt":"2023-01-17T12:53:13","slug":"aire-acondicionado-split-muro-fujitsu-kp-inverter-12000-btu-r32","status":"publish","type":"product","link":"https:\/\/www.termocool.cl\/index.php\/producto\/aire-acondicionado-split-muro-fujitsu-kp-inverter-12000-btu-r32\/","title":{"rendered":"AIRE ACONDICIONADO SPLIT MURO FUJITSU KP INVERTER 12000 BTU R32"},"content":{"rendered":"","protected":false},"excerpt":{"rendered":"<p>El equipo puede trabajar durante 20 minutos en el m\u00e1ximo caudal de aire y velocidad para alcanzar el confort de la estancia en menos tiempo. Adem\u00e1s, este modelo puede controlarse desde cualquier sitio a trav\u00e9s de tu smartphone.<\/p>\n","protected":false},"featured_media":254,"template":"","meta":[],"product_cat":[64,61,62],"product_tag":[],"class_list":{"0":"post-255","1":"product","2":"type-product","3":"status-publish","4":"has-post-thumbnail","6":"product_cat-destacados","7":"product_cat-fujistu","8":"product_cat-fijistu-inverter-r32","10":"first","11":"instock","12":"shipping-taxable","13":"purchasable","14":"product-type-simple"},"_links":{"self":[{"href":"https:\/\/www.termocool.cl\/index.php\/wp-json\/wp\/v2\/product\/255","targetHints":{"allow":["GET"]}}],"collection":[{"href":"https:\/\/www.termocool.cl\/index.php\/wp-json\/wp\/v2\/product"}],"about":[{"href":"https:\/\/www.termocool.cl\/index.php\/wp-json\/wp\/v2\/types\/product"}],"wp:featuredmedia":[{"embeddable":true,"href":"https:\/\/www.termocool.cl\/index.php\/wp-json\/wp\/v2\/media\/254"}],"wp:attachment":[{"href":"https:\/\/www.termocool.cl\/index.php\/wp-json\/wp\/v2\/media?parent=255"}],"wp:term":[{"taxonomy":"product_cat","embeddable":true,"href":"https:\/\/www.termocool.cl\/index.php\/wp-json\/wp\/v2\/product_cat?post=255"},{"taxonomy":"product_tag","embeddable":true,"href":"https:\/\/www.termocool.cl\/index.php\/wp-json\/wp\/v2\/product_tag?post=255"}],"curies":[{"name":"wp","href":"https:\/\/api.w.org\/{rel}","templated":true}]}}