{"id":228,"date":"2023-01-17T00:52:56","date_gmt":"2023-01-17T03:52:56","guid":{"rendered":"https:\/\/www.termocool.cl\/?post_type=product&#038;p=228"},"modified":"2023-07-31T14:20:00","modified_gmt":"2023-07-31T17:20:00","slug":"aire-acondicionado-split-muro-khone-12000-btu-wifi","status":"publish","type":"product","link":"https:\/\/www.termocool.cl\/index.php\/producto\/aire-acondicionado-split-muro-khone-12000-btu-wifi\/","title":{"rendered":"AIRE ACONDICIONADO SPLIT MURO KHONE 12000 BTU WIFI"},"content":{"rendered":"","protected":false},"excerpt":{"rendered":"<p><strong>Aire Acondicionado Convencional Split Muro Btu Khone<\/strong>. Proceso de trabajo Frio\/Calor, lo que permite ser acogedor en el interior de cualquier vivienda o habitaci\u00f3n. Ademas de esto, en cualquier temporada, sea este\u00a0<strong>invierno o verano<\/strong>. Otra de las ventajas que lo hacen \u00fanico, es que su proceso de trabajo es totalmente Ecol\u00f3gico, esto quiere decir que cuida nuestro medio ambiente. Su Refrigerante es considerado el m\u00e1s utilizado en el mundo en refrigeraci\u00f3n y sus siglas R410.<\/p>\n<p><strong>Dentro de sus funcionalidades:<\/strong>\u00a0Control remoto a distancia, programaci\u00f3n de encendido y apagado, luz nocturna, panel led digital, funci\u00f3n de dulces sue\u00f1os para evitar el ruido al descansar, reinicio autom\u00e1tico, turbo para el proceso de aceleraci\u00f3n de enfriamiento.<\/p>\n<p><strong>Accesorios que incluye el equipo:<\/strong>\u00a0Control remoto, Kit de tuber\u00eda 4 mts. Alta y baja, Cable de comunicaci\u00f3n 4 mts, linea desag\u00fce 20mm hasta 2 metros. (No incluye soporte \u201cL\u201d Unidad exterior), Garant\u00eda Proveedor 1 A\u00f1o.<\/p>\n","protected":false},"featured_media":230,"template":"","meta":[],"product_cat":[56,57],"product_tag":[],"class_list":{"0":"post-228","1":"product","2":"type-product","3":"status-publish","4":"has-post-thumbnail","6":"product_cat-khone","7":"product_cat-khone-on-off","9":"first","10":"instock","11":"shipping-taxable","12":"purchasable","13":"product-type-simple"},"_links":{"self":[{"href":"https:\/\/www.termocool.cl\/index.php\/wp-json\/wp\/v2\/product\/228","targetHints":{"allow":["GET"]}}],"collection":[{"href":"https:\/\/www.termocool.cl\/index.php\/wp-json\/wp\/v2\/product"}],"about":[{"href":"https:\/\/www.termocool.cl\/index.php\/wp-json\/wp\/v2\/types\/product"}],"wp:featuredmedia":[{"embeddable":true,"href":"https:\/\/www.termocool.cl\/index.php\/wp-json\/wp\/v2\/media\/230"}],"wp:attachment":[{"href":"https:\/\/www.termocool.cl\/index.php\/wp-json\/wp\/v2\/media?parent=228"}],"wp:term":[{"taxonomy":"product_cat","embeddable":true,"href":"https:\/\/www.termocool.cl\/index.php\/wp-json\/wp\/v2\/product_cat?post=228"},{"taxonomy":"product_tag","embeddable":true,"href":"https:\/\/www.termocool.cl\/index.php\/wp-json\/wp\/v2\/product_tag?post=228"}],"curies":[{"name":"wp","href":"https:\/\/api.w.org\/{rel}","templated":true}]}}