{"id":226,"date":"2023-01-17T00:49:21","date_gmt":"2023-01-17T03:49:21","guid":{"rendered":"https:\/\/www.termocool.cl\/?post_type=product&#038;p=226"},"modified":"2023-07-31T14:14:13","modified_gmt":"2023-07-31T17:14:13","slug":"aire-acondicionado-split-muro-kendal-24000-btu-wifi","status":"publish","type":"product","link":"https:\/\/www.termocool.cl\/index.php\/producto\/aire-acondicionado-split-muro-kendal-24000-btu-wifi\/","title":{"rendered":"AIRE ACONDICIONADO SPLIT MURO KENDAL 24000 BTU WIFI"},"content":{"rendered":"","protected":false},"excerpt":{"rendered":"<p>Aire acondicionado tipo Split muro ecol\u00f3gico. Compresor On-Off Unidad interior y exterior. Modo frio\/calor. Tipo de refrigerante R410a. Fuente de alimentaci\u00f3n 220-240V\/50Hz. \u00c1rea aplicable 10-20 m\u00b2. Silencioso. Temporizador y WiFi el cual se encuentra incorporado de f\u00e1brica. Con Control Remoto y Kit de instalaci\u00f3n 4metros. El aire acondicionado marca Kendal es un producto de alta calidad en ventilaci\u00f3n y\/o calefacci\u00f3n con gran rendimiento y satisfacci\u00f3n que te permiten tener el m\u00e1ximo confort en tu casa u oficina. (NO INCLUYE INSTALACION).(Incluye WiFi incorporado desde f\u00e1brica, no requiere de instalaci\u00f3n. Solo el usuario debe seguir los pasos y cumplir con el requisito del router libre acceso con banda fija de 2.4 Ghz).<\/p>\n","protected":false},"featured_media":219,"template":"","meta":[],"product_cat":[64,54,55],"product_tag":[],"class_list":{"0":"post-226","1":"product","2":"type-product","3":"status-publish","4":"has-post-thumbnail","6":"product_cat-destacados","7":"product_cat-kendal","8":"product_cat-kendal-on-off","10":"first","11":"instock","12":"shipping-taxable","13":"purchasable","14":"product-type-simple"},"_links":{"self":[{"href":"https:\/\/www.termocool.cl\/index.php\/wp-json\/wp\/v2\/product\/226","targetHints":{"allow":["GET"]}}],"collection":[{"href":"https:\/\/www.termocool.cl\/index.php\/wp-json\/wp\/v2\/product"}],"about":[{"href":"https:\/\/www.termocool.cl\/index.php\/wp-json\/wp\/v2\/types\/product"}],"wp:featuredmedia":[{"embeddable":true,"href":"https:\/\/www.termocool.cl\/index.php\/wp-json\/wp\/v2\/media\/219"}],"wp:attachment":[{"href":"https:\/\/www.termocool.cl\/index.php\/wp-json\/wp\/v2\/media?parent=226"}],"wp:term":[{"taxonomy":"product_cat","embeddable":true,"href":"https:\/\/www.termocool.cl\/index.php\/wp-json\/wp\/v2\/product_cat?post=226"},{"taxonomy":"product_tag","embeddable":true,"href":"https:\/\/www.termocool.cl\/index.php\/wp-json\/wp\/v2\/product_tag?post=226"}],"curies":[{"name":"wp","href":"https:\/\/api.w.org\/{rel}","templated":true}]}}